{"id":3971,"date":"2024-04-02T13:29:04","date_gmt":"2024-04-02T11:29:04","guid":{"rendered":"https:\/\/mittperlebach.ee\/?page_id=3971"},"modified":"2026-05-04T10:51:18","modified_gmt":"2026-05-04T08:51:18","slug":"liitu","status":"publish","type":"page","link":"https:\/\/mittperlebach.ee\/lv\/liitu\/","title":{"rendered":"Liitu"},"content":{"rendered":"<div data-elementor-type=\"wp-page\" data-elementor-id=\"3971\" class=\"elementor elementor-3971\">\n\t\t\t\t\t\t<section class=\"elementor-section elementor-top-section elementor-element elementor-element-51c9e71 elementor-section-full_width elementor-section-height-default elementor-section-height-default\" data-id=\"51c9e71\" data-element_type=\"section\" data-e-type=\"section\" data-settings=\"{&quot;background_background&quot;:&quot;classic&quot;}\">\n\t\t\t\t\t\t<div class=\"elementor-container elementor-column-gap-no\">\n\t\t\t\t\t<div class=\"elementor-column elementor-col-50 elementor-top-column elementor-element elementor-element-4e433ab\" data-id=\"4e433ab\" data-element_type=\"column\" data-e-type=\"column\" data-settings=\"{&quot;background_background&quot;:&quot;classic&quot;}\">\n\t\t\t<div class=\"elementor-widget-wrap elementor-element-populated\">\n\t\t\t\t\t\t<div class=\"elementor-element elementor-element-24ee6ac elementor-widget elementor-widget-spacer\" data-id=\"24ee6ac\" data-element_type=\"widget\" data-e-type=\"widget\" data-widget_type=\"spacer.default\">\n\t\t\t\t<div class=\"elementor-widget-container\">\n\t\t\t\t\t\t\t<div class=\"elementor-spacer\">\n\t\t\t<div class=\"elementor-spacer-inner\"><\/div>\n\t\t<\/div>\n\t\t\t\t\t\t<\/div>\n\t\t\t\t<\/div>\n\t\t\t\t<div class=\"elementor-element elementor-element-595cb7d elementor-widget elementor-widget-heading\" data-id=\"595cb7d\" data-element_type=\"widget\" data-e-type=\"widget\" data-widget_type=\"heading.default\">\n\t\t\t\t<div class=\"elementor-widget-container\">\n\t\t\t\t\t<h1 class=\"elementor-heading-title elementor-size-default\">Tule liitu meiega!<\/h1>\t\t\t\t<\/div>\n\t\t\t\t<\/div>\n\t\t\t\t<div class=\"elementor-element elementor-element-58610d7 elementor-widget elementor-widget-text-editor\" data-id=\"58610d7\" data-element_type=\"widget\" data-e-type=\"widget\" data-widget_type=\"text-editor.default\">\n\t\t\t\t<div class=\"elementor-widget-container\">\n\t\t\t\t\t\t\t\t\t<p>Meie meeskond on \u00fchtehoidev ja h\u00e4sti tasakaalustatud \u2013 ootame entusiastlikke algajaid kui ka kogenud professionaale!<\/p>\t\t\t\t\t\t\t\t<\/div>\n\t\t\t\t<\/div>\n\t\t\t\t<div class=\"elementor-element elementor-element-929172b elementor-align-center elementor-widget elementor-widget-button\" data-id=\"929172b\" data-element_type=\"widget\" data-e-type=\"widget\" data-widget_type=\"button.default\">\n\t\t\t\t<div class=\"elementor-widget-container\">\n\t\t\t\t\t\t\t\t\t<div class=\"elementor-button-wrapper\">\n\t\t\t\t\t<a class=\"elementor-button elementor-button-link elementor-size-sm\" href=\"#otsime\">\n\t\t\t\t\t\t<span class=\"elementor-button-content-wrapper\">\n\t\t\t\t\t\t\t\t\t<span class=\"elementor-button-text\">Vaata pakkumisi<\/span>\n\t\t\t\t\t<\/span>\n\t\t\t\t\t<\/a>\n\t\t\t\t<\/div>\n\t\t\t\t\t\t\t\t<\/div>\n\t\t\t\t<\/div>\n\t\t\t\t<div class=\"elementor-element elementor-element-5262477 elementor-widget elementor-widget-spacer\" data-id=\"5262477\" data-element_type=\"widget\" data-e-type=\"widget\" data-widget_type=\"spacer.default\">\n\t\t\t\t<div class=\"elementor-widget-container\">\n\t\t\t\t\t\t\t<div class=\"elementor-spacer\">\n\t\t\t<div class=\"elementor-spacer-inner\"><\/div>\n\t\t<\/div>\n\t\t\t\t\t\t<\/div>\n\t\t\t\t<\/div>\n\t\t\t\t\t<\/div>\n\t\t<\/div>\n\t\t\t\t<div class=\"elementor-column elementor-col-50 elementor-top-column elementor-element elementor-element-e37fd96 elementor-hidden-mobile\" data-id=\"e37fd96\" data-element_type=\"column\" data-e-type=\"column\" data-settings=\"{&quot;background_background&quot;:&quot;classic&quot;}\">\n\t\t\t<div class=\"elementor-widget-wrap elementor-element-populated\">\n\t\t\t\t\t\t<div class=\"elementor-element elementor-element-ce3c7ef elementor-widget elementor-widget-spacer\" data-id=\"ce3c7ef\" data-element_type=\"widget\" data-e-type=\"widget\" data-widget_type=\"spacer.default\">\n\t\t\t\t<div class=\"elementor-widget-container\">\n\t\t\t\t\t\t\t<div class=\"elementor-spacer\">\n\t\t\t<div class=\"elementor-spacer-inner\"><\/div>\n\t\t<\/div>\n\t\t\t\t\t\t<\/div>\n\t\t\t\t<\/div>\n\t\t\t\t\t<\/div>\n\t\t<\/div>\n\t\t\t\t\t<\/div>\n\t\t<\/section>\n\t\t\t\t<section class=\"elementor-section elementor-top-section elementor-element elementor-element-11da8e7 elementor-section-boxed elementor-section-height-default elementor-section-height-default\" data-id=\"11da8e7\" data-element_type=\"section\" data-e-type=\"section\" id=\"otsime\">\n\t\t\t\t\t\t<div class=\"elementor-container elementor-column-gap-default\">\n\t\t\t\t\t<div class=\"elementor-column elementor-col-100 elementor-top-column elementor-element elementor-element-0ff3f1a\" data-id=\"0ff3f1a\" data-element_type=\"column\" data-e-type=\"column\">\n\t\t\t<div class=\"elementor-widget-wrap elementor-element-populated\">\n\t\t\t\t\t\t<div class=\"elementor-element elementor-element-f8cffae elementor-widget elementor-widget-spacer\" data-id=\"f8cffae\" data-element_type=\"widget\" data-e-type=\"widget\" data-widget_type=\"spacer.default\">\n\t\t\t\t<div class=\"elementor-widget-container\">\n\t\t\t\t\t\t\t<div class=\"elementor-spacer\">\n\t\t\t<div class=\"elementor-spacer-inner\"><\/div>\n\t\t<\/div>\n\t\t\t\t\t\t<\/div>\n\t\t\t\t<\/div>\n\t\t\t\t<div class=\"elementor-element elementor-element-8a3b40b elementor-absolute elementor-hidden-tablet elementor-hidden-mobile elementor-widget elementor-widget-image\" data-id=\"8a3b40b\" data-element_type=\"widget\" data-e-type=\"widget\" data-settings=\"{&quot;_position&quot;:&quot;absolute&quot;}\" data-widget_type=\"image.default\">\n\t\t\t\t<div class=\"elementor-widget-container\">\n\t\t\t\t\t\t\t\t\t\t\t\t\t\t\t<img fetchpriority=\"high\" decoding=\"async\" data-attachment-id=\"3976\" data-permalink=\"https:\/\/mittperlebach.ee\/lv\/liitu\/kraana-illu\/\" data-orig-file=\"https:\/\/i0.wp.com\/mittperlebach.ee\/wp-content\/uploads\/2024\/04\/kraana-illu.png?fit=2000%2C2000&amp;ssl=1\" data-orig-size=\"2000,2000\" data-comments-opened=\"1\" data-image-meta=\"{&quot;aperture&quot;:&quot;0&quot;,&quot;credit&quot;:&quot;&quot;,&quot;camera&quot;:&quot;&quot;,&quot;caption&quot;:&quot;&quot;,&quot;created_timestamp&quot;:&quot;0&quot;,&quot;copyright&quot;:&quot;&quot;,&quot;focal_length&quot;:&quot;0&quot;,&quot;iso&quot;:&quot;0&quot;,&quot;shutter_speed&quot;:&quot;0&quot;,&quot;title&quot;:&quot;&quot;,&quot;orientation&quot;:&quot;0&quot;}\" data-image-title=\"kraana-illu\" data-image-description=\"\" data-image-caption=\"\" data-large-file=\"https:\/\/i0.wp.com\/mittperlebach.ee\/wp-content\/uploads\/2024\/04\/kraana-illu.png?fit=900%2C900&amp;ssl=1\" width=\"1024\" height=\"1024\" src=\"https:\/\/i0.wp.com\/mittperlebach.ee\/wp-content\/uploads\/2024\/04\/kraana-illu.png?fit=1024%2C1024&amp;ssl=1\" class=\"attachment-large size-large wp-image-3976\" alt=\"\" srcset=\"https:\/\/i0.wp.com\/mittperlebach.ee\/wp-content\/uploads\/2024\/04\/kraana-illu.png?w=2000&amp;ssl=1 2000w, https:\/\/i0.wp.com\/mittperlebach.ee\/wp-content\/uploads\/2024\/04\/kraana-illu.png?resize=300%2C300&amp;ssl=1 300w, https:\/\/i0.wp.com\/mittperlebach.ee\/wp-content\/uploads\/2024\/04\/kraana-illu.png?resize=1024%2C1024&amp;ssl=1 1024w, https:\/\/i0.wp.com\/mittperlebach.ee\/wp-content\/uploads\/2024\/04\/kraana-illu.png?resize=150%2C150&amp;ssl=1 150w, https:\/\/i0.wp.com\/mittperlebach.ee\/wp-content\/uploads\/2024\/04\/kraana-illu.png?resize=768%2C768&amp;ssl=1 768w, https:\/\/i0.wp.com\/mittperlebach.ee\/wp-content\/uploads\/2024\/04\/kraana-illu.png?resize=1536%2C1536&amp;ssl=1 1536w, https:\/\/i0.wp.com\/mittperlebach.ee\/wp-content\/uploads\/2024\/04\/kraana-illu.png?resize=12%2C12&amp;ssl=1 12w, https:\/\/i0.wp.com\/mittperlebach.ee\/wp-content\/uploads\/2024\/04\/kraana-illu.png?resize=500%2C500&amp;ssl=1 500w, https:\/\/i0.wp.com\/mittperlebach.ee\/wp-content\/uploads\/2024\/04\/kraana-illu.png?resize=1000%2C1000&amp;ssl=1 1000w, https:\/\/i0.wp.com\/mittperlebach.ee\/wp-content\/uploads\/2024\/04\/kraana-illu.png?resize=1200%2C1200&amp;ssl=1 1200w, https:\/\/i0.wp.com\/mittperlebach.ee\/wp-content\/uploads\/2024\/04\/kraana-illu.png?resize=800%2C800&amp;ssl=1 800w, https:\/\/i0.wp.com\/mittperlebach.ee\/wp-content\/uploads\/2024\/04\/kraana-illu.png?resize=600%2C600&amp;ssl=1 600w, https:\/\/i0.wp.com\/mittperlebach.ee\/wp-content\/uploads\/2024\/04\/kraana-illu.png?resize=400%2C400&amp;ssl=1 400w, https:\/\/i0.wp.com\/mittperlebach.ee\/wp-content\/uploads\/2024\/04\/kraana-illu.png?resize=200%2C200&amp;ssl=1 200w\" sizes=\"(max-width: 1024px) 100vw, 1024px\" \/>\t\t\t\t\t\t\t\t\t\t\t\t\t\t\t<\/div>\n\t\t\t\t<\/div>\n\t\t\t\t<div class=\"elementor-element elementor-element-538083a elementor-widget elementor-widget-heading\" data-id=\"538083a\" data-element_type=\"widget\" data-e-type=\"widget\" data-widget_type=\"heading.default\">\n\t\t\t\t<div class=\"elementor-widget-container\">\n\t\t\t\t\t<h2 class=\"elementor-heading-title elementor-size-default\">Hetkel otsime:<\/h2>\t\t\t\t<\/div>\n\t\t\t\t<\/div>\n\t\t\t\t<div class=\"elementor-element elementor-element-0aa0b5d elementor-widget__width-initial elementor-widget elementor-widget-accordion\" data-id=\"0aa0b5d\" data-element_type=\"widget\" data-e-type=\"widget\" data-widget_type=\"accordion.default\">\n\t\t\t\t<div class=\"elementor-widget-container\">\n\t\t\t\t\t\t\t<div class=\"elementor-accordion\">\n\t\t\t\t\t\t\t<div class=\"elementor-accordion-item\">\n\t\t\t\t\t<div id=\"elementor-tab-title-1111\" class=\"elementor-tab-title\" data-tab=\"1\" role=\"button\" aria-controls=\"elementor-tab-content-1111\" aria-expanded=\"false\">\n\t\t\t\t\t\t\t\t\t\t\t\t\t<span class=\"elementor-accordion-icon elementor-accordion-icon-left\" aria-hidden=\"true\">\n\t\t\t\t\t\t\t\t\t\t\t\t\t\t\t<span class=\"elementor-accordion-icon-closed\"><i class=\"fas fa-plus\"><\/i><\/span>\n\t\t\t\t\t\t\t\t<span class=\"elementor-accordion-icon-opened\"><i class=\"fas fa-minus\"><\/i><\/span>\n\t\t\t\t\t\t\t\t\t\t\t\t\t\t<\/span>\n\t\t\t\t\t\t\t\t\t\t\t\t<a class=\"elementor-accordion-title\" tabindex=\"0\">Objektijuht<\/a>\n\t\t\t\t\t<\/div>\n\t\t\t\t\t<div id=\"elementor-tab-content-1111\" class=\"elementor-tab-content elementor-clearfix\" data-tab=\"1\" role=\"region\" aria-labelledby=\"elementor-tab-title-1111\"><p>Mitt &amp; Perlebachis usume, et head t\u00f6\u00f6d tehakse siis, kui inimestel on vabadus vastutada, v\u00f5imalus areneda ja \u00fcmber tugev meeskond, kellega on p\u00e4riselt hea koos t\u00f6\u00f6tada.<\/p><p>Otsime oma tiimi objektijuhti, kes tahab juhtida ehitusobjekti targalt, koost\u00f6iselt ja kvaliteetselt. Meie jaoks ei t\u00e4henda see ainult t\u00e4htaegade ja eelarve hoidmist, vaid ka oskust luua platsil toimiv koost\u00f6\u00f6 tellija, partnerite, allt\u00f6\u00f6v\u00f5tjate ja oma meeskonna vahel.<\/p><p><strong>SINU ROLL<\/strong><\/p><p>Objektijuhina vastutad ehitusobjekti igap\u00e4evase juhtimise eest algusest l\u00f5puni. Sinu k\u00e4es on t\u00f6\u00f6de planeerimine, meeskondade koordineerimine, kvaliteedi ja t\u00e4htaegade tagamine ning sujuv suhtlus k\u00f5igi osapooltega.<\/p><p>Sinu t\u00f6\u00f6 tulemusena:<\/p><p>&#8211; objekt liigub kindlalt eesm\u00e4rgi suunas<\/p><p>&#8211; inimesed teavad, mida ja miks nad teevad<\/p><p>&#8211; koost\u00f6\u00f6 platsil on asjalik ja lugupidav<\/p><p>&#8211; probleemid saavad lahendatud enne, kui neist saavad suured takistused.<\/p><p><strong>KEDA OTSIME?<\/strong><\/p><p>See roll sobib sulle, kui:<\/p><p>&#8211; sul on ehitusalane k\u00f5rgharidus<\/p><p>&#8211; sul on varasem kogemus ehitusobjekti juhtimisel<\/p><p>&#8211; oskad planeerida, otsustada ja vastutada<\/p><p>&#8211; suudad hoida korraga pilti nii detailidel kui ka tervikul<\/p><p>&#8211; v\u00e4\u00e4rtustad ausat ja otsekohest suhtlust<\/p><p>&#8211; oled koost\u00f6\u00f6valmis ega n\u00e4e juhtimist k\u00e4sutamisena<\/p><p>&#8211; tahad teha oma t\u00f6\u00f6d h\u00e4sti ning areneda koos ettev\u00f5ttega.<\/p><p>Kasuks tuleb hea tehniline taip, kuid sama oluline on suhtumine: otsime inimest, kes tahab teha head t\u00f6\u00f6d professionaalselt, inimlikult ja ambitsiooniga.<\/p><p><strong>MIDA PAKUME?<\/strong><\/p><p>Mitt &amp; Perlebachis saad:<\/p><p>&#8211; vastutusrikka ja sisulise rolli tugevates projektides;<\/p><p>&#8211; suurema tegutsemisvabaduse kui paljudes tavap\u00e4rastes ehitusorganisatsioonides;<\/p><p>&#8211; meeskonna, kus koost\u00f6\u00f6 ei ole loosung, vaid p\u00e4ris t\u00f6\u00f6viis;<\/p><p>&#8211; v\u00f5imaluse kasvada koos ettev\u00f5ttega, mis liigub teadlikult suurema v\u00f5imekuse<\/p><p>\u00a0 \u00a0ning ambitsiooni sunnas<\/p><p>&#8211; keskkonna, kus h\u00e4id ideid m\u00e4rgatakse ja uusi lahendusi proovitakse;<\/p><p>&#8211; professionaalse, aga inimliku t\u00f6\u00f6kultuuri.<\/p><p>Meie jaoks on oluline, et inimestel oleks siin hea t\u00f6\u00f6tada. Soovime olla ettev\u00f5te, kus saab teha p\u00f5nevat t\u00f6\u00f6d, \u00f5ppida, vastutada ja tunda, et sinu panus loeb.<\/p><p><strong>MIKS MITT &amp; PERLEBACH?<\/strong><\/p><p>Me ei taha olla lihtsalt veel \u00fcks ehitusettev\u00f5te. Tahame teha asju nii, et tulemused oleksid head, suhted p\u00fcsivad ja t\u00f6\u00f6 oleks sisuliselt huvitav. Meil on ambitsiooni kasvada, v\u00f5tta ette suuremaid ja mitmekesisemaid projekte ning kasvatada tugevat meeskonda seestpoolt.<\/p><p>Meie jaoks on innovatsioon see, kuidas me ehitust teeme. Panustame teadlikult BIM-i, AI-t\u00f6\u00f6riistadesse ja digitaalsetesse t\u00f6\u00f6voogudesse, sest usume, et targemini m\u00f5eldes ehitame paremini ning j\u00e4tame j\u00e4rele tulevikukindlama tulemuse.<\/p><p><strong>KANDIDEERIMINE<\/strong><\/p><p>Kui tunned, et see roll sobib sulle, saada oma CV ja l\u00fchike tutvustus, miks just sina v\u00f5iksid olla Mitt &amp; Perlebachi j\u00e4rgmine objektijuht aadressil kristi.roime@mittperlebach.ee hiljemalt 30.05.2026<\/p><p><a href=\"http:\/\/www.mittperlebach.ee\">www.mittperlebach.ee<\/a><br \/>+372 660 9009<br \/>info@mittperlebach.lv<\/p><\/div>\n\t\t\t\t<\/div>\n\t\t\t\t\t\t\t<div class=\"elementor-accordion-item\">\n\t\t\t\t\t<div id=\"elementor-tab-title-1112\" class=\"elementor-tab-title\" data-tab=\"2\" role=\"button\" aria-controls=\"elementor-tab-content-1112\" aria-expanded=\"false\">\n\t\t\t\t\t\t\t\t\t\t\t\t\t<span class=\"elementor-accordion-icon elementor-accordion-icon-left\" aria-hidden=\"true\">\n\t\t\t\t\t\t\t\t\t\t\t\t\t\t\t<span class=\"elementor-accordion-icon-closed\"><i class=\"fas fa-plus\"><\/i><\/span>\n\t\t\t\t\t\t\t\t<span class=\"elementor-accordion-icon-opened\"><i class=\"fas fa-minus\"><\/i><\/span>\n\t\t\t\t\t\t\t\t\t\t\t\t\t\t<\/span>\n\t\t\t\t\t\t\t\t\t\t\t\t<a class=\"elementor-accordion-title\" tabindex=\"0\">Objektiinsener<\/a>\n\t\t\t\t\t<\/div>\n\t\t\t\t\t<div id=\"elementor-tab-content-1112\" class=\"elementor-tab-content elementor-clearfix\" data-tab=\"2\" role=\"region\" aria-labelledby=\"elementor-tab-title-1112\"><p>Ootame meie meeskonnaga liituma asjalikku ja taibukat objektiinseneri.<\/p><p>Kui oled huvitatud, palun anna endast m\u00e4rku: kristi.raime@mittperlebach.ee.<\/p><\/div>\n\t\t\t\t<\/div>\n\t\t\t\t\t\t\t\t<\/div>\n\t\t\t\t\t\t<\/div>\n\t\t\t\t<\/div>\n\t\t\t\t\t<\/div>\n\t\t<\/div>\n\t\t\t\t\t<\/div>\n\t\t<\/section>\n\t\t\t\t<section class=\"elementor-section elementor-top-section elementor-element elementor-element-318de85 elementor-hidden-desktop elementor-hidden-tablet elementor-hidden-mobile elementor-section-boxed elementor-section-height-default elementor-section-height-default\" data-id=\"318de85\" data-element_type=\"section\" data-e-type=\"section\">\n\t\t\t\t\t\t<div class=\"elementor-container elementor-column-gap-default\">\n\t\t\t\t\t<div class=\"elementor-column elementor-col-100 elementor-top-column elementor-element elementor-element-5ab9728\" data-id=\"5ab9728\" data-element_type=\"column\" data-e-type=\"column\">\n\t\t\t<div class=\"elementor-widget-wrap elementor-element-populated\">\n\t\t\t\t\t\t<div class=\"elementor-element elementor-element-5b8306d elementor-widget elementor-widget-spacer\" data-id=\"5b8306d\" data-element_type=\"widget\" data-e-type=\"widget\" data-widget_type=\"spacer.default\">\n\t\t\t\t<div class=\"elementor-widget-container\">\n\t\t\t\t\t\t\t<div class=\"elementor-spacer\">\n\t\t\t<div class=\"elementor-spacer-inner\"><\/div>\n\t\t<\/div>\n\t\t\t\t\t\t<\/div>\n\t\t\t\t<\/div>\n\t\t\t\t<div class=\"elementor-element elementor-element-044529c elementor-widget elementor-widget-spacer\" data-id=\"044529c\" data-element_type=\"widget\" data-e-type=\"widget\" data-widget_type=\"spacer.default\">\n\t\t\t\t<div class=\"elementor-widget-container\">\n\t\t\t\t\t\t\t<div class=\"elementor-spacer\">\n\t\t\t<div class=\"elementor-spacer-inner\"><\/div>\n\t\t<\/div>\n\t\t\t\t\t\t<\/div>\n\t\t\t\t<\/div>\n\t\t\t\t<div class=\"elementor-element elementor-element-1b3e362 elementor-widget elementor-widget-heading\" data-id=\"1b3e362\" data-element_type=\"widget\" data-e-type=\"widget\" data-widget_type=\"heading.default\">\n\t\t\t\t<div class=\"elementor-widget-container\">\n\t\t\t\t\t<h2 class=\"elementor-heading-title elementor-size-default\">Hetkel pakkumisi pole<\/h2>\t\t\t\t<\/div>\n\t\t\t\t<\/div>\n\t\t\t\t<div class=\"elementor-element elementor-element-53b1687 elementor-widget elementor-widget-spacer\" data-id=\"53b1687\" data-element_type=\"widget\" data-e-type=\"widget\" data-widget_type=\"spacer.default\">\n\t\t\t\t<div class=\"elementor-widget-container\">\n\t\t\t\t\t\t\t<div class=\"elementor-spacer\">\n\t\t\t<div class=\"elementor-spacer-inner\"><\/div>\n\t\t<\/div>\n\t\t\t\t\t\t<\/div>\n\t\t\t\t<\/div>\n\t\t\t\t\t<\/div>\n\t\t<\/div>\n\t\t\t\t\t<\/div>\n\t\t<\/section>\n\t\t\t\t<\/div>","protected":false},"excerpt":{"rendered":"<p>Tule liitu meiega! Meie meeskond on \u00fchtehoidev ja h\u00e4sti tasakaalustatud \u2013 ootame entusiastlikke algajaid kui ka kogenud professionaale! Vaata pakkumisi Hetkel otsime: Objektijuht Mitt &amp; Perlebachis usume, et head t\u00f6\u00f6d tehakse siis, kui inimestel on vabadus vastutada, v\u00f5imalus areneda ja \u00fcmber tugev meeskond, kellega on p\u00e4riselt hea koos t\u00f6\u00f6tada. Otsime oma tiimi objektijuhti, kes tahab [&hellip;]<\/p>\n","protected":false},"author":181626065,"featured_media":0,"parent":0,"menu_order":0,"comment_status":"closed","ping_status":"closed","template":"template\/page-detail.php","meta":{"_coblocks_attr":"","_coblocks_dimensions":"","_coblocks_responsive_height":"","_coblocks_accordion_ie_support":"","_crdt_document":"","footnotes":"","_links_to":"","_links_to_target":""},"class_list":["post-3971","page","type-page","status-publish","hentry"],"yoast_head":"<!-- This site is optimized with the Yoast SEO plugin v27.5 - https:\/\/yoast.com\/product\/yoast-seo-wordpress\/ -->\n<title>Liitu - Mitt &amp; Perlebach<\/title>\n<meta name=\"robots\" content=\"index, follow, max-snippet:-1, max-image-preview:large, max-video-preview:-1\" \/>\n<link rel=\"canonical\" href=\"https:\/\/mittperlebach.ee\/lv\/liitu\/\" \/>\n<meta property=\"og:locale\" content=\"lv_LV\" \/>\n<meta property=\"og:type\" content=\"article\" \/>\n<meta property=\"og:title\" content=\"Liitu - Mitt &amp; Perlebach\" \/>\n<meta property=\"og:description\" content=\"Tule liitu meiega! Meie meeskond on \u00fchtehoidev ja h\u00e4sti tasakaalustatud \u2013 ootame entusiastlikke algajaid kui ka kogenud professionaale! Vaata pakkumisi Hetkel otsime: Objektijuht Mitt &amp; Perlebachis usume, et head t\u00f6\u00f6d tehakse siis, kui inimestel on vabadus vastutada, v\u00f5imalus areneda ja \u00fcmber tugev meeskond, kellega on p\u00e4riselt hea koos t\u00f6\u00f6tada. Otsime oma tiimi objektijuhti, kes tahab [&hellip;]\" \/>\n<meta property=\"og:url\" content=\"https:\/\/mittperlebach.ee\/lv\/liitu\/\" \/>\n<meta property=\"og:site_name\" content=\"Mitt &amp; Perlebach\" \/>\n<meta property=\"article:modified_time\" content=\"2026-05-04T08:51:18+00:00\" \/>\n<meta property=\"og:image\" content=\"https:\/\/mittperlebach.ee\/wp-content\/uploads\/2024\/04\/kraana-illu-1024x1024.png\" \/>\n<meta name=\"twitter:card\" content=\"summary_large_image\" \/>\n<meta name=\"twitter:label1\" content=\"Est. reading time\" \/>\n\t<meta name=\"twitter:data1\" content=\"2 min\u016btes\" \/>\n<script type=\"application\/ld+json\" class=\"yoast-schema-graph\">{\"@context\":\"https:\\\/\\\/schema.org\",\"@graph\":[{\"@type\":\"WebPage\",\"@id\":\"https:\\\/\\\/mittperlebach.ee\\\/liitu\\\/\",\"url\":\"https:\\\/\\\/mittperlebach.ee\\\/liitu\\\/\",\"name\":\"Liitu - Mitt &amp; Perlebach\",\"isPartOf\":{\"@id\":\"https:\\\/\\\/vanakalamaja.com\\\/et\\\/#website\"},\"primaryImageOfPage\":{\"@id\":\"https:\\\/\\\/mittperlebach.ee\\\/liitu\\\/#primaryimage\"},\"image\":{\"@id\":\"https:\\\/\\\/mittperlebach.ee\\\/liitu\\\/#primaryimage\"},\"thumbnailUrl\":\"https:\\\/\\\/mittperlebach.ee\\\/wp-content\\\/uploads\\\/2024\\\/04\\\/kraana-illu-1024x1024.png\",\"datePublished\":\"2024-04-02T11:29:04+00:00\",\"dateModified\":\"2026-05-04T08:51:18+00:00\",\"breadcrumb\":{\"@id\":\"https:\\\/\\\/mittperlebach.ee\\\/liitu\\\/#breadcrumb\"},\"inLanguage\":\"lv-LV\",\"potentialAction\":[{\"@type\":\"ReadAction\",\"target\":[\"https:\\\/\\\/mittperlebach.ee\\\/liitu\\\/\"]}]},{\"@type\":\"ImageObject\",\"inLanguage\":\"lv-LV\",\"@id\":\"https:\\\/\\\/mittperlebach.ee\\\/liitu\\\/#primaryimage\",\"url\":\"https:\\\/\\\/mittperlebach.ee\\\/wp-content\\\/uploads\\\/2024\\\/04\\\/kraana-illu-1024x1024.png\",\"contentUrl\":\"https:\\\/\\\/mittperlebach.ee\\\/wp-content\\\/uploads\\\/2024\\\/04\\\/kraana-illu-1024x1024.png\"},{\"@type\":\"BreadcrumbList\",\"@id\":\"https:\\\/\\\/mittperlebach.ee\\\/liitu\\\/#breadcrumb\",\"itemListElement\":[{\"@type\":\"ListItem\",\"position\":1,\"name\":\"Home\",\"item\":\"https:\\\/\\\/mittperlebach.ee\\\/et\\\/\"},{\"@type\":\"ListItem\",\"position\":2,\"name\":\"Liitu\"}]},{\"@type\":\"WebSite\",\"@id\":\"https:\\\/\\\/vanakalamaja.com\\\/et\\\/#website\",\"url\":\"https:\\\/\\\/vanakalamaja.com\\\/et\\\/\",\"name\":\"Mitt &amp; Perlebach\",\"description\":\"Ehitame modernseid ja keskkonnas\u00f5bralike kodusid.\",\"potentialAction\":[{\"@type\":\"SearchAction\",\"target\":{\"@type\":\"EntryPoint\",\"urlTemplate\":\"https:\\\/\\\/vanakalamaja.com\\\/et\\\/?s={search_term_string}\"},\"query-input\":{\"@type\":\"PropertyValueSpecification\",\"valueRequired\":true,\"valueName\":\"search_term_string\"}}],\"inLanguage\":\"lv-LV\"}]}<\/script>\n<!-- \/ Yoast SEO plugin. -->","yoast_head_json":{"title":"Liitu - Mitt &amp; Perlebach","robots":{"index":"index","follow":"follow","max-snippet":"max-snippet:-1","max-image-preview":"max-image-preview:large","max-video-preview":"max-video-preview:-1"},"canonical":"https:\/\/mittperlebach.ee\/lv\/liitu\/","og_locale":"lv_LV","og_type":"article","og_title":"Liitu - Mitt &amp; Perlebach","og_description":"Tule liitu meiega! Meie meeskond on \u00fchtehoidev ja h\u00e4sti tasakaalustatud \u2013 ootame entusiastlikke algajaid kui ka kogenud professionaale! Vaata pakkumisi Hetkel otsime: Objektijuht Mitt &amp; Perlebachis usume, et head t\u00f6\u00f6d tehakse siis, kui inimestel on vabadus vastutada, v\u00f5imalus areneda ja \u00fcmber tugev meeskond, kellega on p\u00e4riselt hea koos t\u00f6\u00f6tada. Otsime oma tiimi objektijuhti, kes tahab [&hellip;]","og_url":"https:\/\/mittperlebach.ee\/lv\/liitu\/","og_site_name":"Mitt &amp; Perlebach","article_modified_time":"2026-05-04T08:51:18+00:00","og_image":[{"url":"https:\/\/mittperlebach.ee\/wp-content\/uploads\/2024\/04\/kraana-illu-1024x1024.png","type":"","width":"","height":""}],"twitter_card":"summary_large_image","twitter_misc":{"Est. reading time":"2 min\u016btes"},"schema":{"@context":"https:\/\/schema.org","@graph":[{"@type":"WebPage","@id":"https:\/\/mittperlebach.ee\/liitu\/","url":"https:\/\/mittperlebach.ee\/liitu\/","name":"Liitu - Mitt &amp; Perlebach","isPartOf":{"@id":"https:\/\/vanakalamaja.com\/et\/#website"},"primaryImageOfPage":{"@id":"https:\/\/mittperlebach.ee\/liitu\/#primaryimage"},"image":{"@id":"https:\/\/mittperlebach.ee\/liitu\/#primaryimage"},"thumbnailUrl":"https:\/\/mittperlebach.ee\/wp-content\/uploads\/2024\/04\/kraana-illu-1024x1024.png","datePublished":"2024-04-02T11:29:04+00:00","dateModified":"2026-05-04T08:51:18+00:00","breadcrumb":{"@id":"https:\/\/mittperlebach.ee\/liitu\/#breadcrumb"},"inLanguage":"lv-LV","potentialAction":[{"@type":"ReadAction","target":["https:\/\/mittperlebach.ee\/liitu\/"]}]},{"@type":"ImageObject","inLanguage":"lv-LV","@id":"https:\/\/mittperlebach.ee\/liitu\/#primaryimage","url":"https:\/\/mittperlebach.ee\/wp-content\/uploads\/2024\/04\/kraana-illu-1024x1024.png","contentUrl":"https:\/\/mittperlebach.ee\/wp-content\/uploads\/2024\/04\/kraana-illu-1024x1024.png"},{"@type":"BreadcrumbList","@id":"https:\/\/mittperlebach.ee\/liitu\/#breadcrumb","itemListElement":[{"@type":"ListItem","position":1,"name":"Home","item":"https:\/\/mittperlebach.ee\/et\/"},{"@type":"ListItem","position":2,"name":"Liitu"}]},{"@type":"WebSite","@id":"https:\/\/vanakalamaja.com\/et\/#website","url":"https:\/\/vanakalamaja.com\/et\/","name":"Mitt &amp; Perlebach","description":"M\u0113s veidojam modernas un videi draudz\u012bgas m\u0101jas.","potentialAction":[{"@type":"SearchAction","target":{"@type":"EntryPoint","urlTemplate":"https:\/\/vanakalamaja.com\/et\/?s={search_term_string}"},"query-input":{"@type":"PropertyValueSpecification","valueRequired":true,"valueName":"search_term_string"}}],"inLanguage":"lv-LV"}]}},"jetpack_shortlink":"https:\/\/wp.me\/PbM7J2-123","jetpack_sharing_enabled":true,"amp_enabled":false,"_links":{"self":[{"href":"https:\/\/mittperlebach.ee\/lv\/wp-json\/wp\/v2\/pages\/3971","targetHints":{"allow":["GET"]}}],"collection":[{"href":"https:\/\/mittperlebach.ee\/lv\/wp-json\/wp\/v2\/pages"}],"about":[{"href":"https:\/\/mittperlebach.ee\/lv\/wp-json\/wp\/v2\/types\/page"}],"author":[{"embeddable":true,"href":"https:\/\/mittperlebach.ee\/lv\/wp-json\/wp\/v2\/users\/181626065"}],"replies":[{"embeddable":true,"href":"https:\/\/mittperlebach.ee\/lv\/wp-json\/wp\/v2\/comments?post=3971"}],"version-history":[{"count":80,"href":"https:\/\/mittperlebach.ee\/lv\/wp-json\/wp\/v2\/pages\/3971\/revisions"}],"predecessor-version":[{"id":4748,"href":"https:\/\/mittperlebach.ee\/lv\/wp-json\/wp\/v2\/pages\/3971\/revisions\/4748"}],"wp:attachment":[{"href":"https:\/\/mittperlebach.ee\/lv\/wp-json\/wp\/v2\/media?parent=3971"}],"curies":[{"name":"wp","href":"https:\/\/api.w.org\/{rel}","templated":true}]}}